{"id":6,"date":"2021-10-29T04:10:30","date_gmt":"2021-10-29T04:10:30","guid":{"rendered":"https:\/\/putoschorizos.com\/?page_id=6"},"modified":"2021-11-24T15:37:09","modified_gmt":"2021-11-24T14:37:09","slug":"acerca-de","status":"publish","type":"page","link":"https:\/\/putoschorizos.com\/index.php\/acerca-de\/","title":{"rendered":"Acerca de"},"content":{"rendered":"\n<p>Bienvenidos a mi p\u00e1gina. Gracias por visitarla. <\/p>\n\n\n\n<p>Un sinverg\u00fcenza me ha robado material de la furgoneta de trabajo mientras estaba estacionada en la calle en un sitio p\u00fablico y la mitad de las cosas que ha robado son herramientas que me he ido comprando poco a poco en el \u00faltimo a\u00f1o con mis ahorros del sueldo para ser m\u00e1s productivo y mejor. De hecho algunas herramientas las tengo financiadas y las pagar\u00e9 hasta agosto de 2022, vamos, que actualmente estoy financiando a un hijo de puta&#8230; y eso no puede ser.<\/p>\n\n\n\n<p>En las p\u00e1ginas de esta web pongo los materiales que me ha robado (los principales, en las cajas de herramientas hab\u00eda mucho \u00abpeque\u00f1o\u00bb material) por si alguien puede dar alguna pista si las ve.<\/p>\n\n\n\n<p>Adem\u00e1s, me ha robado material de la empresa que s\u00f3lo sirve para un trabajo espec\u00edfico, que es la instalaci\u00f3n de fibra \u00f3ptica para operadores de telecomunicaciones.<\/p>\n\n\n\n<p>Doy por perdido todo menos la esperanza de que alguien encuentre o vea alguna de las cosas y pueda tirar del hilo para recuperar algo.<\/p>\n\n\n\n<p>Gracias.<\/p>\n\n\n\n<p>Tuve la mala suerte de que una puerta se me quedara algo abierta y, en ese estado, aunque le das al cierre centralizado, el coche cierra pero luego se abre y a 3 metros ya no te enteras. Ahora compruebo cada vez que cierro pero hasta ese momento me fiaba del coche. Este chorizo (o chorizos si iban varios) se sirvi\u00f3 de abrir la puerta lateral de la furgoneta, guantes puestos, y coger 4 elementos y salir con ellos sin coger m\u00e1s cosas:<br>Tal y como los ten\u00eda colocados yo porque era mi metodolog\u00eda de trabajo:<\/p>\n\n\n\n<p><a href=\"https:\/\/putoschorizos.com\/index.php\/2021\/10\/29\/la-bolsa-de-herramientas-public-sin-completar\/\" target=\"_blank\" rel=\"noreferrer noopener\">1.- La bolsa de Herramientas Airaj,<\/a><\/p>\n\n\n\n<p><a href=\"https:\/\/putoschorizos.com\/index.php\/2021\/10\/29\/el-portatil\/\" target=\"_blank\" rel=\"noreferrer noopener\">2.- La bandolera del port\u00e1til,<\/a><\/p>\n\n\n\n<p><a href=\"https:\/\/putoschorizos.com\/index.php\/2021\/10\/29\/la-caja-de-herramientas-stanley\/\" target=\"_blank\" rel=\"noreferrer noopener\">3.- La caja de herramientas Stanley,<\/a><\/p>\n\n\n\n<p>4.- La bolsa de rafia con herramientas a bater\u00eda, cargador, brocas y accesorios.<\/p>\n\n\n\n<p>Pinchando sobre ellos os v\u00e1is a la p\u00e1gina concreta donde informo de los contenidos de lo principal que recuerdo y echo de menos.<\/p>\n","protected":false},"excerpt":{"rendered":"<p>Bienvenidos a mi p\u00e1gina. Gracias por visitarla. Un sinverg\u00fcenza me ha robado material de la furgoneta de trabajo mientras estaba estacionada en la calle en un sitio p\u00fablico y la mitad de las cosas que ha robado son herramientas que me he ido comprando poco a poco en el \u00faltimo a\u00f1o con mis ahorros del [&hellip;]<\/p>\n","protected":false},"author":1,"featured_media":0,"parent":0,"menu_order":0,"comment_status":"closed","ping_status":"closed","template":"","meta":{"footnotes":""},"class_list":["post-6","page","type-page","status-publish","hentry"],"yoast_head":"<!-- This site is optimized with the Yoast SEO plugin v27.4 - https:\/\/yoast.com\/product\/yoast-seo-wordpress\/ -->\n<title>Acerca de - Putos Chorizos<\/title>\n<meta name=\"robots\" content=\"index, follow, max-snippet:-1, max-image-preview:large, max-video-preview:-1\" \/>\n<link rel=\"canonical\" href=\"https:\/\/putoschorizos.com\/index.php\/acerca-de\/\" \/>\n<meta property=\"og:locale\" content=\"es_ES\" \/>\n<meta property=\"og:type\" content=\"article\" \/>\n<meta property=\"og:title\" content=\"Acerca de - Putos Chorizos\" \/>\n<meta property=\"og:description\" content=\"Bienvenidos a mi p\u00e1gina. Gracias por visitarla. Un sinverg\u00fcenza me ha robado material de la furgoneta de trabajo mientras estaba estacionada en la calle en un sitio p\u00fablico y la mitad de las cosas que ha robado son herramientas que me he ido comprando poco a poco en el \u00faltimo a\u00f1o con mis ahorros del [&hellip;]\" \/>\n<meta property=\"og:url\" content=\"https:\/\/putoschorizos.com\/index.php\/acerca-de\/\" \/>\n<meta property=\"og:site_name\" content=\"Putos Chorizos\" \/>\n<meta property=\"article:modified_time\" content=\"2021-11-24T14:37:09+00:00\" \/>\n<meta name=\"twitter:card\" content=\"summary_large_image\" \/>\n<meta name=\"twitter:label1\" content=\"Tiempo de lectura\" \/>\n\t<meta name=\"twitter:data1\" content=\"2 minutos\" \/>\n<script type=\"application\/ld+json\" class=\"yoast-schema-graph\">{\"@context\":\"https:\\\/\\\/schema.org\",\"@graph\":[{\"@type\":\"WebPage\",\"@id\":\"https:\\\/\\\/putoschorizos.com\\\/index.php\\\/acerca-de\\\/\",\"url\":\"https:\\\/\\\/putoschorizos.com\\\/index.php\\\/acerca-de\\\/\",\"name\":\"Acerca de - Putos Chorizos\",\"isPartOf\":{\"@id\":\"https:\\\/\\\/putoschorizos.com\\\/#website\"},\"datePublished\":\"2021-10-29T04:10:30+00:00\",\"dateModified\":\"2021-11-24T14:37:09+00:00\",\"breadcrumb\":{\"@id\":\"https:\\\/\\\/putoschorizos.com\\\/index.php\\\/acerca-de\\\/#breadcrumb\"},\"inLanguage\":\"es\",\"potentialAction\":[{\"@type\":\"ReadAction\",\"target\":[\"https:\\\/\\\/putoschorizos.com\\\/index.php\\\/acerca-de\\\/\"]}]},{\"@type\":\"BreadcrumbList\",\"@id\":\"https:\\\/\\\/putoschorizos.com\\\/index.php\\\/acerca-de\\\/#breadcrumb\",\"itemListElement\":[{\"@type\":\"ListItem\",\"position\":1,\"name\":\"Portada\",\"item\":\"https:\\\/\\\/putoschorizos.com\\\/\"},{\"@type\":\"ListItem\",\"position\":2,\"name\":\"Acerca de\"}]},{\"@type\":\"WebSite\",\"@id\":\"https:\\\/\\\/putoschorizos.com\\\/#website\",\"url\":\"https:\\\/\\\/putoschorizos.com\\\/\",\"name\":\"Putos Chorizos\",\"description\":\"Cuando los ladrones joden a los trabajadores\",\"potentialAction\":[{\"@type\":\"SearchAction\",\"target\":{\"@type\":\"EntryPoint\",\"urlTemplate\":\"https:\\\/\\\/putoschorizos.com\\\/?s={search_term_string}\"},\"query-input\":{\"@type\":\"PropertyValueSpecification\",\"valueRequired\":true,\"valueName\":\"search_term_string\"}}],\"inLanguage\":\"es\"}]}<\/script>\n<!-- \/ Yoast SEO plugin. -->","yoast_head_json":{"title":"Acerca de - Putos Chorizos","robots":{"index":"index","follow":"follow","max-snippet":"max-snippet:-1","max-image-preview":"max-image-preview:large","max-video-preview":"max-video-preview:-1"},"canonical":"https:\/\/putoschorizos.com\/index.php\/acerca-de\/","og_locale":"es_ES","og_type":"article","og_title":"Acerca de - Putos Chorizos","og_description":"Bienvenidos a mi p\u00e1gina. Gracias por visitarla. Un sinverg\u00fcenza me ha robado material de la furgoneta de trabajo mientras estaba estacionada en la calle en un sitio p\u00fablico y la mitad de las cosas que ha robado son herramientas que me he ido comprando poco a poco en el \u00faltimo a\u00f1o con mis ahorros del [&hellip;]","og_url":"https:\/\/putoschorizos.com\/index.php\/acerca-de\/","og_site_name":"Putos Chorizos","article_modified_time":"2021-11-24T14:37:09+00:00","twitter_card":"summary_large_image","twitter_misc":{"Tiempo de lectura":"2 minutos"},"schema":{"@context":"https:\/\/schema.org","@graph":[{"@type":"WebPage","@id":"https:\/\/putoschorizos.com\/index.php\/acerca-de\/","url":"https:\/\/putoschorizos.com\/index.php\/acerca-de\/","name":"Acerca de - Putos Chorizos","isPartOf":{"@id":"https:\/\/putoschorizos.com\/#website"},"datePublished":"2021-10-29T04:10:30+00:00","dateModified":"2021-11-24T14:37:09+00:00","breadcrumb":{"@id":"https:\/\/putoschorizos.com\/index.php\/acerca-de\/#breadcrumb"},"inLanguage":"es","potentialAction":[{"@type":"ReadAction","target":["https:\/\/putoschorizos.com\/index.php\/acerca-de\/"]}]},{"@type":"BreadcrumbList","@id":"https:\/\/putoschorizos.com\/index.php\/acerca-de\/#breadcrumb","itemListElement":[{"@type":"ListItem","position":1,"name":"Portada","item":"https:\/\/putoschorizos.com\/"},{"@type":"ListItem","position":2,"name":"Acerca de"}]},{"@type":"WebSite","@id":"https:\/\/putoschorizos.com\/#website","url":"https:\/\/putoschorizos.com\/","name":"Putos Chorizos","description":"Cuando los ladrones joden a los trabajadores","potentialAction":[{"@type":"SearchAction","target":{"@type":"EntryPoint","urlTemplate":"https:\/\/putoschorizos.com\/?s={search_term_string}"},"query-input":{"@type":"PropertyValueSpecification","valueRequired":true,"valueName":"search_term_string"}}],"inLanguage":"es"}]}},"_links":{"self":[{"href":"https:\/\/putoschorizos.com\/index.php\/wp-json\/wp\/v2\/pages\/6","targetHints":{"allow":["GET"]}}],"collection":[{"href":"https:\/\/putoschorizos.com\/index.php\/wp-json\/wp\/v2\/pages"}],"about":[{"href":"https:\/\/putoschorizos.com\/index.php\/wp-json\/wp\/v2\/types\/page"}],"author":[{"embeddable":true,"href":"https:\/\/putoschorizos.com\/index.php\/wp-json\/wp\/v2\/users\/1"}],"replies":[{"embeddable":true,"href":"https:\/\/putoschorizos.com\/index.php\/wp-json\/wp\/v2\/comments?post=6"}],"version-history":[{"count":5,"href":"https:\/\/putoschorizos.com\/index.php\/wp-json\/wp\/v2\/pages\/6\/revisions"}],"predecessor-version":[{"id":88,"href":"https:\/\/putoschorizos.com\/index.php\/wp-json\/wp\/v2\/pages\/6\/revisions\/88"}],"wp:attachment":[{"href":"https:\/\/putoschorizos.com\/index.php\/wp-json\/wp\/v2\/media?parent=6"}],"curies":[{"name":"wp","href":"https:\/\/api.w.org\/{rel}","templated":true}]}}